{"id":33,"date":"2014-04-20T16:47:52","date_gmt":"2014-04-20T16:47:52","guid":{"rendered":"http:\/\/www.meister-der-mandoline.de\/?page_id=33"},"modified":"2023-03-29T09:49:51","modified_gmt":"2023-03-29T07:49:51","slug":"instrumente","status":"publish","type":"page","link":"https:\/\/www.meister-der-mandoline.de\/?page_id=33","title":{"rendered":"INSTRUMENTE"},"content":{"rendered":"\n<h1 class=\"wp-block-heading\"><em>Daf\u00fcr ist man doch Musiker<br>geworden<\/em><\/h1>\n\n\n\n<figure class=\"wp-block-table is-style-regular\"><table><tbody><tr><td><img loading=\"lazy\" decoding=\"async\" class=\"alignnone wp-image-279\" src=\"https:\/\/www.meister-der-mandoline.de\/wp-content\/uploads\/2014\/05\/instrumente3.jpg\" alt=\"instrumente3\" width=\"277\" height=\"209\" srcset=\"https:\/\/www.meister-der-mandoline.de\/wp-content\/uploads\/2014\/05\/instrumente3.jpg 323w, https:\/\/www.meister-der-mandoline.de\/wp-content\/uploads\/2014\/05\/instrumente3-300x226.jpg 300w\" sizes=\"auto, (max-width: 277px) 100vw, 277px\" \/><\/td><td><img loading=\"lazy\" decoding=\"async\" class=\"alignnone wp-image-276\" src=\"https:\/\/www.meister-der-mandoline.de\/wp-content\/uploads\/2014\/05\/mooreiche1.jpg\" alt=\"mooreiche1\" width=\"315\" height=\"209\" srcset=\"https:\/\/www.meister-der-mandoline.de\/wp-content\/uploads\/2014\/05\/mooreiche1.jpg 323w, https:\/\/www.meister-der-mandoline.de\/wp-content\/uploads\/2014\/05\/mooreiche1-300x199.jpg 300w\" sizes=\"auto, (max-width: 315px) 100vw, 315px\" \/><\/td><\/tr><\/tbody><\/table><\/figure>\n\n\n\n<p>Die <em><strong>Mooreichenmandoline<\/strong><\/em> und die <em><strong>K\u00f6nigslyra<\/strong><\/em> wurden von Christoph Michael Pesch, Meister des Zupfinstrumentenbaus, individuell f\u00fcr Klaus Wuckelt entworfen und gebaut. Beide Instrumente sind aus heimischen H\u00f6lzern angefertigt.<\/p>\n\n\n\n<hr class=\"wp-block-separator has-alpha-channel-opacity is-style-wide\"\/>\n\n\n\n\t<div class=\"slideshow_container slideshow_container_style-light\" data-slideshow-id=\"331\" data-style-name=\"style-light\" data-style-version=\"2.6.0\">\n\t\t<div class=\"slideshow_loading_icon\"><\/div>\n\t\t<div class=\"slideshow_content\">\n\t\t\t<div class=\"slideshow_view\">\n\t\t\t\t<div class=\"slideshow_slide slideshow_slide_image\">\n\t\t\t\t\t\t\t\t\t\t\t<img loading=\"lazy\" decoding=\"async\" src=\"https:\/\/www.meister-der-mandoline.de\/wp-content\/uploads\/2014\/06\/mandoline_1.jpg\" alt=\"mandoline_1\" width=\"595\" height=\"396\" \/>\n\t\t\t\t\t\t\t\t\t\t<div class=\"slideshow_description_box slideshow_transparent\">\n\t\t\t\t\t\t\t\t\t\t\t\t<div class=\"slideshow_title\">mandoline_1<\/div>\n\t\t\t\t\t\t\t\t\t\t\t\t\t\t\t\t\t<\/div>\n\t\t\t\t<\/div>\n\n\t\t\t\t\t\t\t\t\t<\/div>\n\t\t\t<div class=\"slideshow_view\">\n\t\t\t\t<div class=\"slideshow_slide slideshow_slide_image\">\n\t\t\t\t\t\t\t\t\t\t\t<img loading=\"lazy\" decoding=\"async\" src=\"https:\/\/www.meister-der-mandoline.de\/wp-content\/uploads\/2014\/06\/mandoline_2.jpg\" alt=\"mandoline_2\" width=\"595\" height=\"396\" \/>\n\t\t\t\t\t\t\t\t\t\t<div class=\"slideshow_description_box slideshow_transparent\">\n\t\t\t\t\t\t\t\t\t\t\t\t<div class=\"slideshow_title\">mandoline_2<\/div>\n\t\t\t\t\t\t\t\t\t\t\t\t\t\t\t\t\t<\/div>\n\t\t\t\t<\/div>\n\n\t\t\t\t\t\t\t\t\t<\/div>\n\t\t\t<div class=\"slideshow_view\">\n\t\t\t\t<div class=\"slideshow_slide slideshow_slide_image\">\n\t\t\t\t\t\t\t\t\t\t\t<img loading=\"lazy\" decoding=\"async\" src=\"https:\/\/www.meister-der-mandoline.de\/wp-content\/uploads\/2014\/06\/lyra_1.jpg\" alt=\"lyra_1\" width=\"595\" height=\"396\" \/>\n\t\t\t\t\t\t\t\t\t\t<div class=\"slideshow_description_box slideshow_transparent\">\n\t\t\t\t\t\t\t\t\t\t\t\t<div class=\"slideshow_title\">lyra_1<\/div>\n\t\t\t\t\t\t\t\t\t\t\t\t\t\t\t\t\t<\/div>\n\t\t\t\t<\/div>\n\n\t\t\t\t\t\t\t\t\t<\/div>\n\t\t\t<div class=\"slideshow_view\">\n\t\t\t\t<div class=\"slideshow_slide slideshow_slide_image\">\n\t\t\t\t\t\t\t\t\t\t\t<img loading=\"lazy\" decoding=\"async\" src=\"https:\/\/www.meister-der-mandoline.de\/wp-content\/uploads\/2014\/06\/lyra_2.jpg\" alt=\"lyra_2\" width=\"595\" height=\"396\" \/>\n\t\t\t\t\t\t\t\t\t\t<div class=\"slideshow_description_box slideshow_transparent\">\n\t\t\t\t\t\t\t\t\t\t\t\t<div class=\"slideshow_title\">lyra_2<\/div>\n\t\t\t\t\t\t\t\t\t\t\t\t\t\t\t\t\t<\/div>\n\t\t\t\t<\/div>\n\n\t\t\t\t\t\t\t\t\t<\/div>\n\t\t<\/div>\n\t\t<div class=\"slideshow_controlPanel slideshow_transparent\"><ul><li class=\"slideshow_togglePlay\" data-play-text=\"Play\" data-pause-text=\"Pause\"><\/li><\/ul><\/div>\n\t\t<div class=\"slideshow_button slideshow_previous slideshow_transparent\" role=\"button\" data-previous-text=\"Previous\"><\/div>\n\t\t<div class=\"slideshow_button slideshow_next slideshow_transparent\" role=\"button\" data-next-text=\"Next\"><\/div>\n\t\t<div class=\"slideshow_pagination\" data-go-to-text=\"Go to slide\"><div class=\"slideshow_pagination_center\"><\/div><\/div>\n\t<\/div>\n\n\n\n\n\n\n<p><br>In die Mooreichenmandoline\u00a0 sind die Worte geschnitzt:<br><em>\u201eGott zu Ehren dem N\u00e4chsten zur Labung<\/em><br><em> aus reiner Freude und Dankbarkeit am Sein\u201c<\/em><\/p>\n\n\n\n<p>Die K\u00f6nigslyra ist ein Instrument, das es so noch nicht gegeben hat,<br>gebaut aus Vogelaugenahorn.<\/p>\n","protected":false},"excerpt":{"rendered":"<p>Daf\u00fcr ist man doch Musikergeworden Die Mooreichenmandoline und die K\u00f6nigslyra wurden von Christoph Michael Pesch, Meister des Zupfinstrumentenbaus, individuell f\u00fcr Klaus Wuckelt entworfen und gebaut. Beide Instrumente sind aus heimischen H\u00f6lzern angefertigt. In die Mooreichenmandoline\u00a0 sind die Worte geschnitzt:\u201eGott zu Ehren dem N\u00e4chsten zur Labung aus reiner Freude und Dankbarkeit am Sein\u201c Die K\u00f6nigslyra ist &hellip; <a href=\"https:\/\/www.meister-der-mandoline.de\/?page_id=33\" class=\"more-link\"><span class=\"screen-reader-text\">INSTRUMENTE<\/span> weiterlesen <span class=\"meta-nav\">&rarr;<\/span><\/a><\/p>\n","protected":false},"author":3,"featured_media":0,"parent":0,"menu_order":3,"comment_status":"closed","ping_status":"closed","template":"","meta":{"footnotes":""},"class_list":["post-33","page","type-page","status-publish","hentry"],"_links":{"self":[{"href":"https:\/\/www.meister-der-mandoline.de\/index.php?rest_route=\/wp\/v2\/pages\/33","targetHints":{"allow":["GET"]}}],"collection":[{"href":"https:\/\/www.meister-der-mandoline.de\/index.php?rest_route=\/wp\/v2\/pages"}],"about":[{"href":"https:\/\/www.meister-der-mandoline.de\/index.php?rest_route=\/wp\/v2\/types\/page"}],"author":[{"embeddable":true,"href":"https:\/\/www.meister-der-mandoline.de\/index.php?rest_route=\/wp\/v2\/users\/3"}],"replies":[{"embeddable":true,"href":"https:\/\/www.meister-der-mandoline.de\/index.php?rest_route=%2Fwp%2Fv2%2Fcomments&post=33"}],"version-history":[{"count":55,"href":"https:\/\/www.meister-der-mandoline.de\/index.php?rest_route=\/wp\/v2\/pages\/33\/revisions"}],"predecessor-version":[{"id":967,"href":"https:\/\/www.meister-der-mandoline.de\/index.php?rest_route=\/wp\/v2\/pages\/33\/revisions\/967"}],"wp:attachment":[{"href":"https:\/\/www.meister-der-mandoline.de\/index.php?rest_route=%2Fwp%2Fv2%2Fmedia&parent=33"}],"curies":[{"name":"wp","href":"https:\/\/api.w.org\/{rel}","templated":true}]}}