{"id":44,"date":"2014-04-20T16:54:47","date_gmt":"2014-04-20T16:54:47","guid":{"rendered":"http:\/\/www.meister-der-mandoline.de\/?page_id=44"},"modified":"2015-02-05T15:19:02","modified_gmt":"2015-02-05T14:19:02","slug":"kontakt","status":"publish","type":"page","link":"https:\/\/www.meister-der-mandoline.de\/?page_id=44","title":{"rendered":"KONTAKT"},"content":{"rendered":"<h1><em>Kontakt <\/em><\/h1>\n<p>Sie m\u00f6chten sich gerne n\u00e4her informieren oder haben eine Buchungsanfrage f\u00fcr Ihre Veranstaltung? Klaus Wuckelt freut sich \u00fcber Ihre Kontaktaufnahme:<\/p>\n<p>Klaus Wuckelt<br \/>\nHauptstra\u00dfe 6<br \/>\n73098 Rechberghausen<\/p>\n<p>Tel.: +49 (0)7161\/57326<br \/>\ninfo@klaus-wuckelt.de<\/p>\n<p>&nbsp;<\/p>\n","protected":false},"excerpt":{"rendered":"<p>Kontakt Sie m\u00f6chten sich gerne n\u00e4her informieren oder haben eine Buchungsanfrage f\u00fcr Ihre Veranstaltung? Klaus Wuckelt freut sich \u00fcber Ihre Kontaktaufnahme: Klaus Wuckelt Hauptstra\u00dfe 6 73098 Rechberghausen Tel.: +49 (0)7161\/57326 info@klaus-wuckelt.de &nbsp;<\/p>\n","protected":false},"author":3,"featured_media":0,"parent":0,"menu_order":7,"comment_status":"closed","ping_status":"closed","template":"","meta":{"footnotes":""},"class_list":["post-44","page","type-page","status-publish","hentry"],"_links":{"self":[{"href":"https:\/\/www.meister-der-mandoline.de\/index.php?rest_route=\/wp\/v2\/pages\/44","targetHints":{"allow":["GET"]}}],"collection":[{"href":"https:\/\/www.meister-der-mandoline.de\/index.php?rest_route=\/wp\/v2\/pages"}],"about":[{"href":"https:\/\/www.meister-der-mandoline.de\/index.php?rest_route=\/wp\/v2\/types\/page"}],"author":[{"embeddable":true,"href":"https:\/\/www.meister-der-mandoline.de\/index.php?rest_route=\/wp\/v2\/users\/3"}],"replies":[{"embeddable":true,"href":"https:\/\/www.meister-der-mandoline.de\/index.php?rest_route=%2Fwp%2Fv2%2Fcomments&post=44"}],"version-history":[{"count":6,"href":"https:\/\/www.meister-der-mandoline.de\/index.php?rest_route=\/wp\/v2\/pages\/44\/revisions"}],"predecessor-version":[{"id":717,"href":"https:\/\/www.meister-der-mandoline.de\/index.php?rest_route=\/wp\/v2\/pages\/44\/revisions\/717"}],"wp:attachment":[{"href":"https:\/\/www.meister-der-mandoline.de\/index.php?rest_route=%2Fwp%2Fv2%2Fmedia&parent=44"}],"curies":[{"name":"wp","href":"https:\/\/api.w.org\/{rel}","templated":true}]}}