{"id":455,"date":"2014-08-04T09:14:33","date_gmt":"2014-08-04T09:14:33","guid":{"rendered":"http:\/\/www.meister-der-mandoline.de\/?page_id=455"},"modified":"2023-03-24T09:04:48","modified_gmt":"2023-03-24T08:04:48","slug":"links","status":"publish","type":"page","link":"https:\/\/www.meister-der-mandoline.de\/?page_id=455","title":{"rendered":"Empfehlenswertes"},"content":{"rendered":"<h1><em>Empfehlenswerte Links<\/em><\/h1>\n<p><strong>Klangwerke-Portal<\/strong><br \/>\n<em> Menschen in Einklang bringen<\/em><br \/>\n<a class=\"links2\" rel=\"noopener noreferrer\" href=\"http:\/\/www.klangwerke.org\" target=\"_blank\">klangwerke.org<\/a><\/p>\n<p><strong>Eich-Verlag<\/strong><br \/>\n<a class=\"links2\" rel=\"noopener noreferrer\" href=\"http:\/\/www.eich-verlag.de\" target=\"_blank\">eich-verlag.de<\/a><\/p>\n<p><strong>Japanisches Sushi Restaurant Ochi no Sushiya<\/strong><br \/>\n<em>Wiesbaden<\/em><br \/>\n<a class=\"links2\" rel=\"noopener noreferrer\" href=\"http:\/\/www.ochinosushiya.de\/\" target=\"_blank\">ochinosushiya.de<\/a><\/p>\n<p><strong>Johannes Reichert<\/strong><br \/>\n<a class=\"links2\" rel=\"noopener noreferrer\" href=\"http:\/\/www.johannesreichert.com\" target=\"_blank\">johannesreichert.com<\/a><\/p>\n<p><strong>Alberto Fortuzzi<\/strong><br \/>\n<a class=\"links2\" rel=\"noopener noreferrer\" href=\"http:\/\/www.albertofortuzzi.wordpress.com\" target=\"_blank\">albertofortuzzi.wordpress.com<\/a><\/p>\n<p><strong>Eva Maria Bredl<\/strong><br \/>\n<a class=\"links2\" rel=\"noopener noreferrer\" href=\"http:\/\/evabredl.com\" target=\"_blank\">evabredl.com<\/a><\/p>\n<p><strong>Andrea Wahl<\/strong><br \/>\n<a class=\"links2\" rel=\"noopener noreferrer\" href=\"http:\/\/andreawahl-altistin.de\" target=\"_blank\">andreawahl-altistin.de<\/a><\/p>\n<p><strong>Jowa-Tonstudio<\/strong><br \/>\n<a class=\"links2\" rel=\"noopener noreferrer\" href=\"http:\/\/www.jowa-studio.de\" target=\"_blank\">jowa-studio.de<\/a><\/p>\n<p><strong>Die wilden Gesellen<\/strong><br \/>\n<em>Gesangsgruppe<\/em><br \/>\n<a href=\"http:\/\/www.die-wilden-gesellen.de\">die-wilden-gesellen.de<\/a><\/p>\n<p><strong>Akkordeon-Orchester Ingolstadt<\/strong><br \/>\n<em> Leitung: Inge Schindler<\/em><br \/>\n<a rel=\"noopener noreferrer\" href=\"http:\/\/www.musikm.de\/ao-ingolstadt\" target=\"_blank\">musikm.de\/ao-ingolstadt<\/a><\/p>\n<p><strong>Roger B\u00fcrke<\/strong><br \/>\n<em>Fotografie<\/em>n<br \/>\n<a rel=\"noopener noreferrer\" href=\"http:\/\/www.rogerbuerke.de\/\" target=\"_blank\">rogerbuerke.de<\/a><\/p>\n<p><strong>Simone Haasis<\/strong><br \/>\n<em> Design und Konzeption<\/em><br \/>\n<a class=\"links2\" rel=\"noopener noreferrer\" href=\"http:\/\/www.simonehaasis.de\" target=\"_blank\">simonehaasis.de<\/a><\/p>\n<p><strong> Harald Immig<\/strong><br \/>\n<a class=\"links2\" rel=\"noopener noreferrer\" href=\"http:\/\/www.harald-immig.de\" target=\"_blank\">harald-immig.de<\/a><\/p>\n<hr \/>\n<div style=\"font-size: 8pt; line-height: 1.4em;\">Alle hier genannten Links liegen au\u00dferhalb der Verantwortung oder Haftung von Klaus Wuckelt. Ebenfalls wird keine Verantwortung oder Haftung daf\u00fcr \u00fcbernommen, dass die durch Links erreichten Internetseiten rechtlich einwandfrei sind. Nach Kenntnisnahme von Internetauftritten mit unzul\u00e4ssigen oder anst\u00f6\u00dfigen Inhalten werden die entsprechenden Links schnellstm\u00f6glich von dieser Seite entfernt. Dar\u00fcber hinaus gibt es keinen Anspruch auf die Linksetzung zu Internetangeboten Dritter. Vorhandene Links k\u00f6nnen ohne Angabe von Gr\u00fcnden und ohne Ank\u00fcndigung durch Klaus Wuckelt entfernt werden.<\/div>\n","protected":false},"excerpt":{"rendered":"<p>Empfehlenswerte Links Klangwerke-Portal Menschen in Einklang bringen klangwerke.org Eich-Verlag eich-verlag.de Japanisches Sushi Restaurant Ochi no Sushiya Wiesbaden ochinosushiya.de Johannes Reichert johannesreichert.com Alberto Fortuzzi albertofortuzzi.wordpress.com Eva Maria Bredl evabredl.com Andrea Wahl andreawahl-altistin.de Jowa-Tonstudio jowa-studio.de Die wilden Gesellen Gesangsgruppe die-wilden-gesellen.de Akkordeon-Orchester Ingolstadt Leitung: Inge Schindler musikm.de\/ao-ingolstadt Roger B\u00fcrke Fotografien rogerbuerke.de Simone Haasis Design und Konzeption simonehaasis.de Harald &hellip; <a href=\"https:\/\/www.meister-der-mandoline.de\/?page_id=455\" class=\"more-link\"><span class=\"screen-reader-text\">Empfehlenswertes<\/span> weiterlesen <span class=\"meta-nav\">&rarr;<\/span><\/a><\/p>\n","protected":false},"author":3,"featured_media":0,"parent":44,"menu_order":0,"comment_status":"closed","ping_status":"closed","template":"","meta":{"footnotes":""},"class_list":["post-455","page","type-page","status-publish","hentry"],"_links":{"self":[{"href":"https:\/\/www.meister-der-mandoline.de\/index.php?rest_route=\/wp\/v2\/pages\/455","targetHints":{"allow":["GET"]}}],"collection":[{"href":"https:\/\/www.meister-der-mandoline.de\/index.php?rest_route=\/wp\/v2\/pages"}],"about":[{"href":"https:\/\/www.meister-der-mandoline.de\/index.php?rest_route=\/wp\/v2\/types\/page"}],"author":[{"embeddable":true,"href":"https:\/\/www.meister-der-mandoline.de\/index.php?rest_route=\/wp\/v2\/users\/3"}],"replies":[{"embeddable":true,"href":"https:\/\/www.meister-der-mandoline.de\/index.php?rest_route=%2Fwp%2Fv2%2Fcomments&post=455"}],"version-history":[{"count":26,"href":"https:\/\/www.meister-der-mandoline.de\/index.php?rest_route=\/wp\/v2\/pages\/455\/revisions"}],"predecessor-version":[{"id":946,"href":"https:\/\/www.meister-der-mandoline.de\/index.php?rest_route=\/wp\/v2\/pages\/455\/revisions\/946"}],"up":[{"embeddable":true,"href":"https:\/\/www.meister-der-mandoline.de\/index.php?rest_route=\/wp\/v2\/pages\/44"}],"wp:attachment":[{"href":"https:\/\/www.meister-der-mandoline.de\/index.php?rest_route=%2Fwp%2Fv2%2Fmedia&parent=455"}],"curies":[{"name":"wp","href":"https:\/\/api.w.org\/{rel}","templated":true}]}}